{"id":493,"date":"2025-09-24T16:06:21","date_gmt":"2025-09-24T19:06:21","guid":{"rendered":"https:\/\/brancorossi.com.br\/?page_id=493"},"modified":"2025-12-01T01:37:15","modified_gmt":"2025-12-01T04:37:15","slug":"m","status":"publish","type":"page","link":"https:\/\/brancorossi.com.br\/?page_id=493","title":{"rendered":"Mob\u00edlia Corporativa"},"content":{"rendered":"\t\t<div data-elementor-type=\"wp-page\" data-elementor-id=\"493\" class=\"elementor elementor-493\">\n\t\t\t\t<div class=\"elementor-element elementor-element-b663c46 e-flex e-con-boxed e-con e-parent\" data-id=\"b663c46\" data-element_type=\"container\" data-e-type=\"container\">\n\t\t\t\t\t<div class=\"e-con-inner\">\n\t\t\t\t<div class=\"elementor-element elementor-element-1c6bbd6 elementor-widget elementor-widget-heading\" data-id=\"1c6bbd6\" data-element_type=\"widget\" data-e-type=\"widget\" data-widget_type=\"heading.default\">\n\t\t\t\t<div class=\"elementor-widget-container\">\n\t\t\t\t\t<h2 class=\"elementor-heading-title elementor-size-default\">Mob\u00edlia Corporativa<\/h2>\t\t\t\t<\/div>\n\t\t\t\t<\/div>\n\t\t\t\t<div class=\"elementor-element elementor-element-60d3782 elementor-widget elementor-widget-text-editor\" data-id=\"60d3782\" data-element_type=\"widget\" data-e-type=\"widget\" data-widget_type=\"text-editor.default\">\n\t\t\t\t<div class=\"elementor-widget-container\">\n\t\t\t\t\t\t\t\t\t<p>Descubra nossa linha de mob\u00edlias corporativas, desenvolvidas para oferecer praticidade, ergonomia e sofistica\u00e7\u00e3o em ambientes profissionais. Pensadas para unir design funcional e conforto, nossas solu\u00e7\u00f5es atendem escrit\u00f3rios, salas de reuni\u00e3o e espa\u00e7os colaborativos. Explore as categorias de assentos e m\u00f3veis diversos e encontre a op\u00e7\u00e3o ideal para seu neg\u00f3cio. Entre em contato conosco para conhecer mais detalhes e solicitar um or\u00e7amento personalizado!<\/p>\t\t\t\t\t\t\t\t<\/div>\n\t\t\t\t<\/div>\n\t\t\t\t\t<\/div>\n\t\t\t\t<\/div>\n\t\t<div class=\"elementor-element elementor-element-5355989 e-flex e-con-boxed e-con e-parent\" data-id=\"5355989\" data-element_type=\"container\" data-e-type=\"container\">\n\t\t\t\t\t<div class=\"e-con-inner\">\n\t\t<div class=\"elementor-element elementor-element-cfb0505 e-grid e-con-full e-con e-child\" data-id=\"cfb0505\" data-element_type=\"container\" data-e-type=\"container\">\n\t\t\t\t<div class=\"elementor-element elementor-element-2e7785b elementor-position-top elementor-widget elementor-widget-image-box\" data-id=\"2e7785b\" data-element_type=\"widget\" data-e-type=\"widget\" data-widget_type=\"image-box.default\">\n\t\t\t\t<div class=\"elementor-widget-container\">\n\t\t\t\t\t<div class=\"elementor-image-box-wrapper\"><figure class=\"elementor-image-box-img\"><a href=\"https:\/\/brancorossi.com.br\/?page_id=1262\" tabindex=\"-1\"><img fetchpriority=\"high\" decoding=\"async\" width=\"650\" height=\"500\" src=\"https:\/\/brancorossi.com.br\/wp-content\/uploads\/2025\/10\/Design-sem-nome-58.png\" class=\"attachment-full size-full wp-image-1545\" alt=\"\" srcset=\"https:\/\/brancorossi.com.br\/wp-content\/uploads\/2025\/10\/Design-sem-nome-58.png 650w, https:\/\/brancorossi.com.br\/wp-content\/uploads\/2025\/10\/Design-sem-nome-58-300x231.png 300w\" sizes=\"(max-width: 650px) 100vw, 650px\" \/><\/a><\/figure><div class=\"elementor-image-box-content\"><h4 class=\"elementor-image-box-title\"><a href=\"https:\/\/brancorossi.com.br\/?page_id=1262\">Assentos<\/a><\/h4><\/div><\/div>\t\t\t\t<\/div>\n\t\t\t\t<\/div>\n\t\t\t\t<div class=\"elementor-element elementor-element-43bf494 elementor-position-top elementor-widget elementor-widget-image-box\" data-id=\"43bf494\" data-element_type=\"widget\" data-e-type=\"widget\" data-widget_type=\"image-box.default\">\n\t\t\t\t<div class=\"elementor-widget-container\">\n\t\t\t\t\t<div class=\"elementor-image-box-wrapper\"><figure class=\"elementor-image-box-img\"><a href=\"https:\/\/brancorossi.com.br\/?page_id=1498\" tabindex=\"-1\"><img decoding=\"async\" width=\"650\" height=\"500\" src=\"https:\/\/brancorossi.com.br\/wp-content\/uploads\/2025\/10\/Design-sem-nome-59.png\" class=\"attachment-full size-full wp-image-1546\" alt=\"\" srcset=\"https:\/\/brancorossi.com.br\/wp-content\/uploads\/2025\/10\/Design-sem-nome-59.png 650w, https:\/\/brancorossi.com.br\/wp-content\/uploads\/2025\/10\/Design-sem-nome-59-300x231.png 300w\" sizes=\"(max-width: 650px) 100vw, 650px\" \/><\/a><\/figure><div class=\"elementor-image-box-content\"><h4 class=\"elementor-image-box-title\"><a href=\"https:\/\/brancorossi.com.br\/?page_id=1498\">M\u00f3veis<\/a><\/h4><\/div><\/div>\t\t\t\t<\/div>\n\t\t\t\t<\/div>\n\t\t\t\t<\/div>\n\t\t\t\t\t<\/div>\n\t\t\t\t<\/div>\n\t\t\t\t<\/div>\n\t\t","protected":false},"excerpt":{"rendered":"<p>Mob\u00edlia Corporativa Descubra nossa linha de mob\u00edlias corporativas, desenvolvidas para oferecer praticidade, ergonomia e sofistica\u00e7\u00e3o em ambientes profissionais. Pensadas para [&hellip;]<\/p>\n","protected":false},"author":1,"featured_media":0,"parent":0,"menu_order":0,"comment_status":"closed","ping_status":"closed","template":"","meta":{"site-sidebar-layout":"no-sidebar","site-content-layout":"","ast-site-content-layout":"full-width-container","site-content-style":"default","site-sidebar-style":"default","ast-global-header-display":"","ast-banner-title-visibility":"","ast-main-header-display":"","ast-hfb-above-header-display":"","ast-hfb-below-header-display":"","ast-hfb-mobile-header-display":"","site-post-title":"disabled","ast-breadcrumbs-content":"","ast-featured-img":"disabled","footer-sml-layout":"","theme-transparent-header-meta":"","adv-header-id-meta":"","stick-header-meta":"","header-above-stick-meta":"","header-main-stick-meta":"","header-below-stick-meta":"","astra-migrate-meta-layouts":"default","ast-page-background-enabled":"default","ast-page-background-meta":{"desktop":{"background-color":"var(--ast-global-color-5)","background-image":"","background-repeat":"repeat","background-position":"center center","background-size":"auto","background-attachment":"scroll","background-type":"","background-media":"","overlay-type":"","overlay-color":"","overlay-opacity":"","overlay-gradient":""},"tablet":{"background-color":"","background-image":"","background-repeat":"repeat","background-position":"center center","background-size":"auto","background-attachment":"scroll","background-type":"","background-media":"","overlay-type":"","overlay-color":"","overlay-opacity":"","overlay-gradient":""},"mobile":{"background-color":"","background-image":"","background-repeat":"repeat","background-position":"center center","background-size":"auto","background-attachment":"scroll","background-type":"","background-media":"","overlay-type":"","overlay-color":"","overlay-opacity":"","overlay-gradient":""}},"ast-content-background-meta":{"desktop":{"background-color":"var(--ast-global-color-4)","background-image":"","background-repeat":"repeat","background-position":"center center","background-size":"auto","background-attachment":"scroll","background-type":"","background-media":"","overlay-type":"","overlay-color":"","overlay-opacity":"","overlay-gradient":""},"tablet":{"background-color":"var(--ast-global-color-4)","background-image":"","background-repeat":"repeat","background-position":"center center","background-size":"auto","background-attachment":"scroll","background-type":"","background-media":"","overlay-type":"","overlay-color":"","overlay-opacity":"","overlay-gradient":""},"mobile":{"background-color":"var(--ast-global-color-4)","background-image":"","background-repeat":"repeat","background-position":"center center","background-size":"auto","background-attachment":"scroll","background-type":"","background-media":"","overlay-type":"","overlay-color":"","overlay-opacity":"","overlay-gradient":""}},"_joinchat":[],"footnotes":""},"class_list":["post-493","page","type-page","status-publish","hentry"],"yoast_head":"<!-- This site is optimized with the Yoast SEO plugin v26.9 - https:\/\/yoast.com\/product\/yoast-seo-wordpress\/ -->\n<title>Mob\u00edlia Corporativa - Brancorossi<\/title>\n<meta name=\"robots\" content=\"index, follow, max-snippet:-1, max-image-preview:large, max-video-preview:-1\" \/>\n<link rel=\"canonical\" href=\"https:\/\/brancorossi.com.br\/?page_id=493\" \/>\n<meta property=\"og:locale\" content=\"pt_BR\" \/>\n<meta property=\"og:type\" content=\"article\" \/>\n<meta property=\"og:title\" content=\"Mob\u00edlia Corporativa - Brancorossi\" \/>\n<meta property=\"og:description\" content=\"Mob\u00edlia Corporativa Descubra nossa linha de mob\u00edlias corporativas, desenvolvidas para oferecer praticidade, ergonomia e sofistica\u00e7\u00e3o em ambientes profissionais. Pensadas para [&hellip;]\" \/>\n<meta property=\"og:url\" content=\"https:\/\/brancorossi.com.br\/?page_id=493\" \/>\n<meta property=\"og:site_name\" content=\"Brancorossi\" \/>\n<meta property=\"article:modified_time\" content=\"2025-12-01T04:37:15+00:00\" \/>\n<meta property=\"og:image\" content=\"https:\/\/brancorossi.com.br\/wp-content\/uploads\/2025\/10\/Design-sem-nome-58.png\" \/>\n\t<meta property=\"og:image:width\" content=\"650\" \/>\n\t<meta property=\"og:image:height\" content=\"500\" \/>\n\t<meta property=\"og:image:type\" content=\"image\/png\" \/>\n<meta name=\"twitter:card\" content=\"summary_large_image\" \/>\n<meta name=\"twitter:label1\" content=\"Est. tempo de leitura\" \/>\n\t<meta name=\"twitter:data1\" content=\"1 minuto\" \/>\n<script type=\"application\/ld+json\" class=\"yoast-schema-graph\">{\"@context\":\"https:\/\/schema.org\",\"@graph\":[{\"@type\":\"WebPage\",\"@id\":\"https:\/\/brancorossi.com.br\/?page_id=493\",\"url\":\"https:\/\/brancorossi.com.br\/?page_id=493\",\"name\":\"Mob\u00edlia Corporativa - Brancorossi\",\"isPartOf\":{\"@id\":\"https:\/\/brancorossi.com.br\/#website\"},\"primaryImageOfPage\":{\"@id\":\"https:\/\/brancorossi.com.br\/?page_id=493#primaryimage\"},\"image\":{\"@id\":\"https:\/\/brancorossi.com.br\/?page_id=493#primaryimage\"},\"thumbnailUrl\":\"https:\/\/brancorossi.com.br\/wp-content\/uploads\/2025\/10\/Design-sem-nome-58.png\",\"datePublished\":\"2025-09-24T19:06:21+00:00\",\"dateModified\":\"2025-12-01T04:37:15+00:00\",\"breadcrumb\":{\"@id\":\"https:\/\/brancorossi.com.br\/?page_id=493#breadcrumb\"},\"inLanguage\":\"pt-BR\",\"potentialAction\":[{\"@type\":\"ReadAction\",\"target\":[\"https:\/\/brancorossi.com.br\/?page_id=493\"]}]},{\"@type\":\"ImageObject\",\"inLanguage\":\"pt-BR\",\"@id\":\"https:\/\/brancorossi.com.br\/?page_id=493#primaryimage\",\"url\":\"https:\/\/brancorossi.com.br\/wp-content\/uploads\/2025\/10\/Design-sem-nome-58.png\",\"contentUrl\":\"https:\/\/brancorossi.com.br\/wp-content\/uploads\/2025\/10\/Design-sem-nome-58.png\",\"width\":650,\"height\":500},{\"@type\":\"BreadcrumbList\",\"@id\":\"https:\/\/brancorossi.com.br\/?page_id=493#breadcrumb\",\"itemListElement\":[{\"@type\":\"ListItem\",\"position\":1,\"name\":\"Home\",\"item\":\"https:\/\/brancorossi.com.br\/\"},{\"@type\":\"ListItem\",\"position\":2,\"name\":\"Mob\u00edlia Corporativa\"}]},{\"@type\":\"WebSite\",\"@id\":\"https:\/\/brancorossi.com.br\/#website\",\"url\":\"https:\/\/brancorossi.com.br\/\",\"name\":\"Brancorossi\",\"description\":\"\",\"potentialAction\":[{\"@type\":\"SearchAction\",\"target\":{\"@type\":\"EntryPoint\",\"urlTemplate\":\"https:\/\/brancorossi.com.br\/?s={search_term_string}\"},\"query-input\":{\"@type\":\"PropertyValueSpecification\",\"valueRequired\":true,\"valueName\":\"search_term_string\"}}],\"inLanguage\":\"pt-BR\"}]}<\/script>\n<!-- \/ Yoast SEO plugin. -->","yoast_head_json":{"title":"Mob\u00edlia Corporativa - Brancorossi","robots":{"index":"index","follow":"follow","max-snippet":"max-snippet:-1","max-image-preview":"max-image-preview:large","max-video-preview":"max-video-preview:-1"},"canonical":"https:\/\/brancorossi.com.br\/?page_id=493","og_locale":"pt_BR","og_type":"article","og_title":"Mob\u00edlia Corporativa - Brancorossi","og_description":"Mob\u00edlia Corporativa Descubra nossa linha de mob\u00edlias corporativas, desenvolvidas para oferecer praticidade, ergonomia e sofistica\u00e7\u00e3o em ambientes profissionais. Pensadas para [&hellip;]","og_url":"https:\/\/brancorossi.com.br\/?page_id=493","og_site_name":"Brancorossi","article_modified_time":"2025-12-01T04:37:15+00:00","og_image":[{"width":650,"height":500,"url":"https:\/\/brancorossi.com.br\/wp-content\/uploads\/2025\/10\/Design-sem-nome-58.png","type":"image\/png"}],"twitter_card":"summary_large_image","twitter_misc":{"Est. tempo de leitura":"1 minuto"},"schema":{"@context":"https:\/\/schema.org","@graph":[{"@type":"WebPage","@id":"https:\/\/brancorossi.com.br\/?page_id=493","url":"https:\/\/brancorossi.com.br\/?page_id=493","name":"Mob\u00edlia Corporativa - Brancorossi","isPartOf":{"@id":"https:\/\/brancorossi.com.br\/#website"},"primaryImageOfPage":{"@id":"https:\/\/brancorossi.com.br\/?page_id=493#primaryimage"},"image":{"@id":"https:\/\/brancorossi.com.br\/?page_id=493#primaryimage"},"thumbnailUrl":"https:\/\/brancorossi.com.br\/wp-content\/uploads\/2025\/10\/Design-sem-nome-58.png","datePublished":"2025-09-24T19:06:21+00:00","dateModified":"2025-12-01T04:37:15+00:00","breadcrumb":{"@id":"https:\/\/brancorossi.com.br\/?page_id=493#breadcrumb"},"inLanguage":"pt-BR","potentialAction":[{"@type":"ReadAction","target":["https:\/\/brancorossi.com.br\/?page_id=493"]}]},{"@type":"ImageObject","inLanguage":"pt-BR","@id":"https:\/\/brancorossi.com.br\/?page_id=493#primaryimage","url":"https:\/\/brancorossi.com.br\/wp-content\/uploads\/2025\/10\/Design-sem-nome-58.png","contentUrl":"https:\/\/brancorossi.com.br\/wp-content\/uploads\/2025\/10\/Design-sem-nome-58.png","width":650,"height":500},{"@type":"BreadcrumbList","@id":"https:\/\/brancorossi.com.br\/?page_id=493#breadcrumb","itemListElement":[{"@type":"ListItem","position":1,"name":"Home","item":"https:\/\/brancorossi.com.br\/"},{"@type":"ListItem","position":2,"name":"Mob\u00edlia Corporativa"}]},{"@type":"WebSite","@id":"https:\/\/brancorossi.com.br\/#website","url":"https:\/\/brancorossi.com.br\/","name":"Brancorossi","description":"","potentialAction":[{"@type":"SearchAction","target":{"@type":"EntryPoint","urlTemplate":"https:\/\/brancorossi.com.br\/?s={search_term_string}"},"query-input":{"@type":"PropertyValueSpecification","valueRequired":true,"valueName":"search_term_string"}}],"inLanguage":"pt-BR"}]}},"_links":{"self":[{"href":"https:\/\/brancorossi.com.br\/index.php?rest_route=\/wp\/v2\/pages\/493","targetHints":{"allow":["GET"]}}],"collection":[{"href":"https:\/\/brancorossi.com.br\/index.php?rest_route=\/wp\/v2\/pages"}],"about":[{"href":"https:\/\/brancorossi.com.br\/index.php?rest_route=\/wp\/v2\/types\/page"}],"author":[{"embeddable":true,"href":"https:\/\/brancorossi.com.br\/index.php?rest_route=\/wp\/v2\/users\/1"}],"replies":[{"embeddable":true,"href":"https:\/\/brancorossi.com.br\/index.php?rest_route=%2Fwp%2Fv2%2Fcomments&post=493"}],"version-history":[{"count":34,"href":"https:\/\/brancorossi.com.br\/index.php?rest_route=\/wp\/v2\/pages\/493\/revisions"}],"predecessor-version":[{"id":3641,"href":"https:\/\/brancorossi.com.br\/index.php?rest_route=\/wp\/v2\/pages\/493\/revisions\/3641"}],"wp:attachment":[{"href":"https:\/\/brancorossi.com.br\/index.php?rest_route=%2Fwp%2Fv2%2Fmedia&parent=493"}],"curies":[{"name":"wp","href":"https:\/\/api.w.org\/{rel}","templated":true}]}}