{"id":506,"date":"2025-09-24T16:13:21","date_gmt":"2025-09-24T19:13:21","guid":{"rendered":"https:\/\/brancorossi.com.br\/?page_id=506"},"modified":"2025-10-06T15:38:53","modified_gmt":"2025-10-06T18:38:53","slug":"insights","status":"publish","type":"page","link":"https:\/\/brancorossi.com.br\/?page_id=506","title":{"rendered":"Insights"},"content":{"rendered":"\t\t<div data-elementor-type=\"wp-page\" data-elementor-id=\"506\" class=\"elementor elementor-506\">\n\t\t\t\t<div class=\"elementor-element elementor-element-2ada386 e-flex e-con-boxed e-con e-parent\" data-id=\"2ada386\" data-element_type=\"container\" data-e-type=\"container\" data-settings=\"{&quot;background_background&quot;:&quot;classic&quot;}\">\n\t\t\t\t\t<div class=\"e-con-inner\">\n\t\t\t\t<div class=\"elementor-element elementor-element-ee0c7bf elementor-widget elementor-widget-heading\" data-id=\"ee0c7bf\" data-element_type=\"widget\" data-e-type=\"widget\" data-widget_type=\"heading.default\">\n\t\t\t\t<div class=\"elementor-widget-container\">\n\t\t\t\t\t<h1 class=\"elementor-heading-title elementor-size-default\">Em breve<\/h1>\t\t\t\t<\/div>\n\t\t\t\t<\/div>\n\t\t\t\t<div class=\"elementor-element elementor-element-b9fbeb9 elementor-widget__width-initial elementor-widget elementor-widget-heading\" data-id=\"b9fbeb9\" data-element_type=\"widget\" data-e-type=\"widget\" data-widget_type=\"heading.default\">\n\t\t\t\t<div class=\"elementor-widget-container\">\n\t\t\t\t\t<h2 class=\"elementor-heading-title elementor-size-default\">Novidades exclusivas em mob\u00edlias, ilumina\u00e7\u00e3o e inspira\u00e7\u00f5es para transformar seus espa\u00e7os.<\/h2>\t\t\t\t<\/div>\n\t\t\t\t<\/div>\n\t\t\t\t\t<\/div>\n\t\t\t\t<\/div>\n\t\t\t\t<\/div>\n\t\t","protected":false},"excerpt":{"rendered":"<p>Em breve Novidades exclusivas em mob\u00edlias, ilumina\u00e7\u00e3o e inspira\u00e7\u00f5es para transformar seus espa\u00e7os.<\/p>\n","protected":false},"author":1,"featured_media":0,"parent":0,"menu_order":0,"comment_status":"closed","ping_status":"closed","template":"elementor_header_footer","meta":{"site-sidebar-layout":"no-sidebar","site-content-layout":"","ast-site-content-layout":"full-width-container","site-content-style":"default","site-sidebar-style":"default","ast-global-header-display":"","ast-banner-title-visibility":"","ast-main-header-display":"","ast-hfb-above-header-display":"","ast-hfb-below-header-display":"","ast-hfb-mobile-header-display":"","site-post-title":"disabled","ast-breadcrumbs-content":"","ast-featured-img":"disabled","footer-sml-layout":"","theme-transparent-header-meta":"","adv-header-id-meta":"","stick-header-meta":"","header-above-stick-meta":"","header-main-stick-meta":"","header-below-stick-meta":"","astra-migrate-meta-layouts":"default","ast-page-background-enabled":"default","ast-page-background-meta":{"desktop":{"background-color":"var(--ast-global-color-5)","background-image":"","background-repeat":"repeat","background-position":"center center","background-size":"auto","background-attachment":"scroll","background-type":"","background-media":"","overlay-type":"","overlay-color":"","overlay-opacity":"","overlay-gradient":""},"tablet":{"background-color":"","background-image":"","background-repeat":"repeat","background-position":"center center","background-size":"auto","background-attachment":"scroll","background-type":"","background-media":"","overlay-type":"","overlay-color":"","overlay-opacity":"","overlay-gradient":""},"mobile":{"background-color":"","background-image":"","background-repeat":"repeat","background-position":"center center","background-size":"auto","background-attachment":"scroll","background-type":"","background-media":"","overlay-type":"","overlay-color":"","overlay-opacity":"","overlay-gradient":""}},"ast-content-background-meta":{"desktop":{"background-color":"var(--ast-global-color-4)","background-image":"","background-repeat":"repeat","background-position":"center center","background-size":"auto","background-attachment":"scroll","background-type":"","background-media":"","overlay-type":"","overlay-color":"","overlay-opacity":"","overlay-gradient":""},"tablet":{"background-color":"var(--ast-global-color-4)","background-image":"","background-repeat":"repeat","background-position":"center center","background-size":"auto","background-attachment":"scroll","background-type":"","background-media":"","overlay-type":"","overlay-color":"","overlay-opacity":"","overlay-gradient":""},"mobile":{"background-color":"var(--ast-global-color-4)","background-image":"","background-repeat":"repeat","background-position":"center center","background-size":"auto","background-attachment":"scroll","background-type":"","background-media":"","overlay-type":"","overlay-color":"","overlay-opacity":"","overlay-gradient":""}},"_joinchat":[],"footnotes":""},"class_list":["post-506","page","type-page","status-publish","hentry"],"yoast_head":"<!-- This site is optimized with the Yoast SEO plugin v26.9 - https:\/\/yoast.com\/product\/yoast-seo-wordpress\/ -->\n<title>Insights - Brancorossi<\/title>\n<meta name=\"robots\" content=\"index, follow, max-snippet:-1, max-image-preview:large, max-video-preview:-1\" \/>\n<link rel=\"canonical\" href=\"https:\/\/brancorossi.com.br\/?page_id=506\" \/>\n<meta property=\"og:locale\" content=\"pt_BR\" \/>\n<meta property=\"og:type\" content=\"article\" \/>\n<meta property=\"og:title\" content=\"Insights - Brancorossi\" \/>\n<meta property=\"og:description\" content=\"Em breve Novidades exclusivas em mob\u00edlias, ilumina\u00e7\u00e3o e inspira\u00e7\u00f5es para transformar seus espa\u00e7os.\" \/>\n<meta property=\"og:url\" content=\"https:\/\/brancorossi.com.br\/?page_id=506\" \/>\n<meta property=\"og:site_name\" content=\"Brancorossi\" \/>\n<meta property=\"article:modified_time\" content=\"2025-10-06T18:38:53+00:00\" \/>\n<meta name=\"twitter:card\" content=\"summary_large_image\" \/>\n<meta name=\"twitter:label1\" content=\"Est. tempo de leitura\" \/>\n\t<meta name=\"twitter:data1\" content=\"1 minuto\" \/>\n<script type=\"application\/ld+json\" class=\"yoast-schema-graph\">{\"@context\":\"https:\/\/schema.org\",\"@graph\":[{\"@type\":\"WebPage\",\"@id\":\"https:\/\/brancorossi.com.br\/?page_id=506\",\"url\":\"https:\/\/brancorossi.com.br\/?page_id=506\",\"name\":\"Insights - Brancorossi\",\"isPartOf\":{\"@id\":\"https:\/\/brancorossi.com.br\/#website\"},\"datePublished\":\"2025-09-24T19:13:21+00:00\",\"dateModified\":\"2025-10-06T18:38:53+00:00\",\"breadcrumb\":{\"@id\":\"https:\/\/brancorossi.com.br\/?page_id=506#breadcrumb\"},\"inLanguage\":\"pt-BR\",\"potentialAction\":[{\"@type\":\"ReadAction\",\"target\":[\"https:\/\/brancorossi.com.br\/?page_id=506\"]}]},{\"@type\":\"BreadcrumbList\",\"@id\":\"https:\/\/brancorossi.com.br\/?page_id=506#breadcrumb\",\"itemListElement\":[{\"@type\":\"ListItem\",\"position\":1,\"name\":\"Home\",\"item\":\"https:\/\/brancorossi.com.br\/\"},{\"@type\":\"ListItem\",\"position\":2,\"name\":\"Insights\"}]},{\"@type\":\"WebSite\",\"@id\":\"https:\/\/brancorossi.com.br\/#website\",\"url\":\"https:\/\/brancorossi.com.br\/\",\"name\":\"Brancorossi\",\"description\":\"\",\"potentialAction\":[{\"@type\":\"SearchAction\",\"target\":{\"@type\":\"EntryPoint\",\"urlTemplate\":\"https:\/\/brancorossi.com.br\/?s={search_term_string}\"},\"query-input\":{\"@type\":\"PropertyValueSpecification\",\"valueRequired\":true,\"valueName\":\"search_term_string\"}}],\"inLanguage\":\"pt-BR\"}]}<\/script>\n<!-- \/ Yoast SEO plugin. -->","yoast_head_json":{"title":"Insights - Brancorossi","robots":{"index":"index","follow":"follow","max-snippet":"max-snippet:-1","max-image-preview":"max-image-preview:large","max-video-preview":"max-video-preview:-1"},"canonical":"https:\/\/brancorossi.com.br\/?page_id=506","og_locale":"pt_BR","og_type":"article","og_title":"Insights - Brancorossi","og_description":"Em breve Novidades exclusivas em mob\u00edlias, ilumina\u00e7\u00e3o e inspira\u00e7\u00f5es para transformar seus espa\u00e7os.","og_url":"https:\/\/brancorossi.com.br\/?page_id=506","og_site_name":"Brancorossi","article_modified_time":"2025-10-06T18:38:53+00:00","twitter_card":"summary_large_image","twitter_misc":{"Est. tempo de leitura":"1 minuto"},"schema":{"@context":"https:\/\/schema.org","@graph":[{"@type":"WebPage","@id":"https:\/\/brancorossi.com.br\/?page_id=506","url":"https:\/\/brancorossi.com.br\/?page_id=506","name":"Insights - Brancorossi","isPartOf":{"@id":"https:\/\/brancorossi.com.br\/#website"},"datePublished":"2025-09-24T19:13:21+00:00","dateModified":"2025-10-06T18:38:53+00:00","breadcrumb":{"@id":"https:\/\/brancorossi.com.br\/?page_id=506#breadcrumb"},"inLanguage":"pt-BR","potentialAction":[{"@type":"ReadAction","target":["https:\/\/brancorossi.com.br\/?page_id=506"]}]},{"@type":"BreadcrumbList","@id":"https:\/\/brancorossi.com.br\/?page_id=506#breadcrumb","itemListElement":[{"@type":"ListItem","position":1,"name":"Home","item":"https:\/\/brancorossi.com.br\/"},{"@type":"ListItem","position":2,"name":"Insights"}]},{"@type":"WebSite","@id":"https:\/\/brancorossi.com.br\/#website","url":"https:\/\/brancorossi.com.br\/","name":"Brancorossi","description":"","potentialAction":[{"@type":"SearchAction","target":{"@type":"EntryPoint","urlTemplate":"https:\/\/brancorossi.com.br\/?s={search_term_string}"},"query-input":{"@type":"PropertyValueSpecification","valueRequired":true,"valueName":"search_term_string"}}],"inLanguage":"pt-BR"}]}},"_links":{"self":[{"href":"https:\/\/brancorossi.com.br\/index.php?rest_route=\/wp\/v2\/pages\/506","targetHints":{"allow":["GET"]}}],"collection":[{"href":"https:\/\/brancorossi.com.br\/index.php?rest_route=\/wp\/v2\/pages"}],"about":[{"href":"https:\/\/brancorossi.com.br\/index.php?rest_route=\/wp\/v2\/types\/page"}],"author":[{"embeddable":true,"href":"https:\/\/brancorossi.com.br\/index.php?rest_route=\/wp\/v2\/users\/1"}],"replies":[{"embeddable":true,"href":"https:\/\/brancorossi.com.br\/index.php?rest_route=%2Fwp%2Fv2%2Fcomments&post=506"}],"version-history":[{"count":14,"href":"https:\/\/brancorossi.com.br\/index.php?rest_route=\/wp\/v2\/pages\/506\/revisions"}],"predecessor-version":[{"id":862,"href":"https:\/\/brancorossi.com.br\/index.php?rest_route=\/wp\/v2\/pages\/506\/revisions\/862"}],"wp:attachment":[{"href":"https:\/\/brancorossi.com.br\/index.php?rest_route=%2Fwp%2Fv2%2Fmedia&parent=506"}],"curies":[{"name":"wp","href":"https:\/\/api.w.org\/{rel}","templated":true}]}}